{"id":11,"date":"2021-03-15T09:44:00","date_gmt":"2021-03-15T08:44:00","guid":{"rendered":"http:\/\/www.icps.it\/?page_id=11"},"modified":"2021-03-30T12:26:47","modified_gmt":"2021-03-30T10:26:47","slug":"competenze","status":"publish","type":"page","link":"https:\/\/www.icps.it\/it\/competenze\/","title":{"rendered":"Competenze"},"content":{"rendered":"<p><img loading=\"lazy\" class=\"wp-image-157 alignnone\" src=\"http:\/\/www.icps.it\/wp-content\/uploads\/2021\/03\/rischio-fitosanitario.png\" alt=\"\" width=\"70\" height=\"72\" \/><\/p>\n<h2>Valutazione di Rischio Fitosanitario<\/h2>\n<p>Nell&#8217;Unione europea, nessun prodotto fitosanitario pu\u00f2 essere utilizzato se non viene precedentemente scientificamente dimostrato che:<\/p>\n<ol>\n<li>non ha effetti nocivi sui consumatori, agricoltori e residenti;<\/li>\n<li>non provoca effetti inaccettabili per l&#8217;ambiente;<\/li>\n<li>sia sufficientemente efficace contro l&#8217;infestante.<\/li>\n<\/ol>\n<p>La valutazione, la commercializzazione e l&#8217;uso di principi attivi (erbicidi, insetticidi, fungicidi, ecc) presenti in prodotti fitosanitari nell\u2019UE sono definiti dal regolamento (CE) 1107\/2009. La prima fase del processo di valutazione coinvolge uno Stato Membro Relatore (RMS), che prepara conclusioni preliminari sulla sostanza. Successivamente \u00e8 effettuata una valutazione del rischio, che coinvolge l&#8217;Autorit\u00e0 europea per la sicurezza alimentare (EFSA) e gli Stati Membri, seguito da una fase di gestione del rischio, effettuata dalla Commissione Europea con l&#8217;assistenza degli Stati Membri. Se la valutazione dimostra che la sostanza non ha effetti nocivi sulla salute umana o animale e che non ha alcuna ricaduta inaccettabile sull&#8217;ambiente, la sostanza pu\u00f2 essere approvata. \u00c8 stabilito un elenco Comunitario delle sostanze attive approvate, e gli Stati Membri possono autorizzare soltanto i prodotti fitosanitari contenenti sostanze attive incluse in questo elenco.<\/p>\n<p>In questo contesto <strong>ICPS<\/strong> fornisce sostegno scientifico al Ministero della Salute nella redazione dei documenti di valutazione del principio attivo (per l\u2019inserimento nell\u2019elenco Comunitario),del quale l&#8217;Italia \u00e8 stata designata come RMS.<\/p>\n<p>Inoltre, gli esperti ICPS partecipano alle discussioni scientifiche in EFSA. ICPS valuta anche i dossier dei prodotti fitosanitari che devono essere registrati a livello nazionale o del sud Europa.<\/p>\n<p>&nbsp;<\/p>\n<img loading=\"lazy\" class=\"alignnone wp-image-161\" src=\"http:\/\/www.icps.it\/wp-content\/uploads\/2021\/03\/unione-europea.png\" alt=\"\" width=\"70\" height=\"70\" srcset=\"https:\/\/www.icps.it\/wp-content\/uploads\/2021\/03\/unione-europea.png 138w, https:\/\/www.icps.it\/wp-content\/uploads\/2021\/03\/unione-europea-125x125.png 125w\" sizes=\"(max-width: 70px) 100vw, 70px\" \/>\n<h2>REACH &amp; CLP<\/h2>\n<p>Il regolamento (CE) n. 1907\/2006, o Regolamento REACH (da Registration, Evaluation, Authorisation of CHemicals) \u00e8 stato adottato dall\u2019Unione Europea con due scopi principali:\u00a0migliorare la protezione della salute dell&#8217;uomo e dell&#8217;ambiente dai rischi associati alle sostanze chimiche, anche incrementando le conoscenze e le informazioni su di esse; e\u00a0stimolare la competitivit\u00e0 dell&#8217;industria chimica europea.<\/p>\n<p>Una parte integrante del REACH riguarda un importante ed efficace strumento di trasmissione delle informazioni su sostanze e miscele chimiche: la Scheda di Dati di Sicurezza (SDS). Le prescrizioni iniziali del REACH relative alle SDS sono state successivamente aggiornate dal Regolamento (UE) n. 453\/2010 con nuovi elementi del Sistema Globale Armonizzato di Classificazione ed Etichettatura dei Prodotti Chimici (GHS) delle Nazioni Unite.<\/p>\n<p>Un&#8217;altra importante normativa europea \u00e8 rappresentata dal Regolamento (CE) n. 1272\/2008, o Regolamento CLP (da Classification, Labelling and Packaging). Con la classificazione, riportata in etichetta insieme alle indicazioni di rischio e consigli di prudenza, si comunicano ai lavoratori e ai consumatori i potenziali pericoli presentati dalle sostanze e miscele immesse sul mercato.<\/p>\n<p><strong>ICPS<\/strong> svolge una attivit\u00e0 di sostegno e di aggiornamento per Enti Pubblici, Aziende e operatori del settore.<\/p>\n<p>&nbsp;<\/p>\n<img loading=\"lazy\" class=\"alignnone wp-image-159\" src=\"http:\/\/www.icps.it\/wp-content\/uploads\/2021\/03\/ricerca.png\" alt=\"\" width=\"70\" height=\"69\" srcset=\"https:\/\/www.icps.it\/wp-content\/uploads\/2021\/03\/ricerca.png 140w, https:\/\/www.icps.it\/wp-content\/uploads\/2021\/03\/ricerca-125x125.png 125w\" sizes=\"(max-width: 70px) 100vw, 70px\" \/>\n<h2>Ricerca<\/h2>\n<p><strong>ICPS<\/strong> si dedica regolarmente ad attivit\u00e0 di ricerca collaborando con Universit\u00e0 ed altri centri di ricerca.\u00a0Nel tempo si \u00e8 stabilito un rapporto duraturo e proficuo con diverse istituzioni operanti nella medesima area geografica (Universit\u00e0 di Milano, Universit\u00e0 di Milano-Bicocca, Istituto Mario Negri), mentre sono stati sviluppati progetti specifici con Centri di altri paesi europei (es. ANSES, Wageningen University, RIVM, etc.).\u00a0Alcuni di questi progetti hanno visto ICPS ricoprire il ruolo di istituto coordinatore e capofila.<\/p>\n<p>La ricerca applicata condotta all\u2019interno di ICPS \u00e8 particolarmente focalizzata a dare delle risposte a sfide scientifiche poste da autorit\u00e0 Italiane ed Europee in materia di salute pubblica, regolamentazione di prodotti fitosanitari e sostanze chimiche in generale.<\/p>\n<p>&nbsp;<\/p>\n<img loading=\"lazy\" class=\"alignnone wp-image-158\" src=\"http:\/\/www.icps.it\/wp-content\/uploads\/2021\/03\/dati.png\" alt=\"\" width=\"70\" height=\"58\" \/>\n<h2>Dati<\/h2>\n<p>Da diversi anni <b>ICPS<\/b> svolge attivit\u00e0 di raccolta, gestione ed analisi di dati nell\u2019ambito dei prodotti fitosanitari. Le informazioni raccolte, dopo essere sottoposte a controllo e validazione, sono organizzate in database relazionali, molti dei quali liberamente accessibili al pubblico.<\/p>\n<p>La competenza maturata dallo staff ICPS ha permesso di poter concorrere ed aggiudicarsi progetti nazionali ed europei indirizzati alla raccolta dati.<\/p>\n<p>In collaborazione con la DG Salute, ICPS ha sviluppato due banche dati online di riferimento regionale e nazionale:<\/p>\n<p><b>FITOWEB290<\/b> e <b>PESTIDOC<\/b> ed altri differenti strumenti informatici.<\/p>\n<p>&nbsp;<\/p>\n<img loading=\"lazy\" class=\"alignnone wp-image-160\" src=\"http:\/\/www.icps.it\/wp-content\/uploads\/2021\/03\/supporto.png\" alt=\"\" width=\"70\" height=\"59\" \/>\n<h2>Attivit\u00e0 di supporto<\/h2>\n<p><strong>ICPS<\/strong> svolge attivit\u00e0 di sostegno tecnico-scientifico e consulenza ai diversi protagonisti pubblici e privati, coinvolti nella valutazione del rischio chimico e nella prevenzione sanitaria (Tecnici della Prevenzione ATS, Medici dei Dipartimenti di Prevenzione Medica e delle UOOML).<\/p>\n<p><strong>ICPS<\/strong> fornisce, inoltre, sostegno tecnico e scientifico nella risoluzione di aspetti critici che possono emergere durante la valutazione di sostanze e processi chimici, alla luce delle recenti norme e regolamenti europei sui prodotti chimici in generale, e sui prodotti fitosanitari in particolare.<\/p>","protected":false},"excerpt":{"rendered":"<p>&#8230;<br \/>\n\t\t<span class=\"read-more\"><a href=\"https:\/\/www.icps.it\/it\/competenze\/\"> Leggi tutto &raquo;<\/a><\/span><\/p>\n","protected":false},"author":1,"featured_media":0,"parent":0,"menu_order":2,"comment_status":"closed","ping_status":"closed","template":"","meta":[],"yoast_head":"<!-- This site is optimized with the Yoast SEO plugin v18.3 - https:\/\/yoast.com\/wordpress\/plugins\/seo\/ -->\n<title>Competenze | ICPS<\/title>\n<meta name=\"robots\" content=\"index, follow, max-snippet:-1, max-image-preview:large, max-video-preview:-1\" \/>\n<link rel=\"canonical\" href=\"https:\/\/www.icps.it\/it\/competenze\/\" \/>\n<meta property=\"og:locale\" content=\"it_IT\" \/>\n<meta property=\"og:type\" content=\"article\" \/>\n<meta property=\"og:title\" content=\"Competenze | ICPS\" \/>\n<meta property=\"og:description\" content=\"...  Leggi tutto &raquo;\" \/>\n<meta property=\"og:url\" content=\"https:\/\/www.icps.it\/it\/competenze\/\" \/>\n<meta property=\"og:site_name\" content=\"ICPS\" \/>\n<meta property=\"article:modified_time\" content=\"2021-03-30T10:26:47+00:00\" \/>\n<meta property=\"og:image\" content=\"http:\/\/www.icps.it\/wp-content\/uploads\/2021\/03\/rischio-fitosanitario.png\" \/>\n<meta name=\"twitter:card\" content=\"summary_large_image\" \/>\n<meta name=\"twitter:label1\" content=\"Tempo di lettura stimato\" \/>\n\t<meta name=\"twitter:data1\" content=\"7 minuti\" \/>\n<script type=\"application\/ld+json\" class=\"yoast-schema-graph\">{\"@context\":\"https:\/\/schema.org\",\"@graph\":[{\"@type\":\"WebSite\",\"@id\":\"https:\/\/www.icps.it\/it\/#website\",\"url\":\"https:\/\/www.icps.it\/it\/\",\"name\":\"ICPS\",\"description\":\"Centro Internazionale per gli Antiparassitari e la Prevenzione Sanitaria\",\"potentialAction\":[{\"@type\":\"SearchAction\",\"target\":{\"@type\":\"EntryPoint\",\"urlTemplate\":\"https:\/\/www.icps.it\/it\/?s={search_term_string}\"},\"query-input\":\"required name=search_term_string\"}],\"inLanguage\":\"it-IT\"},{\"@type\":\"ImageObject\",\"@id\":\"https:\/\/www.icps.it\/it\/competenze\/#primaryimage\",\"inLanguage\":\"it-IT\",\"url\":\"https:\/\/www.icps.it\/wp-content\/uploads\/2021\/03\/rischio-fitosanitario.png\",\"contentUrl\":\"https:\/\/www.icps.it\/wp-content\/uploads\/2021\/03\/rischio-fitosanitario.png\",\"width\":140,\"height\":144},{\"@type\":\"WebPage\",\"@id\":\"https:\/\/www.icps.it\/it\/competenze\/#webpage\",\"url\":\"https:\/\/www.icps.it\/it\/competenze\/\",\"name\":\"[:it]Competenze[:en]Skills[:] | ICPS\",\"isPartOf\":{\"@id\":\"https:\/\/www.icps.it\/it\/#website\"},\"primaryImageOfPage\":{\"@id\":\"https:\/\/www.icps.it\/it\/competenze\/#primaryimage\"},\"datePublished\":\"2021-03-15T08:44:00+00:00\",\"dateModified\":\"2021-03-30T10:26:47+00:00\",\"breadcrumb\":{\"@id\":\"https:\/\/www.icps.it\/it\/competenze\/#breadcrumb\"},\"inLanguage\":\"it-IT\",\"potentialAction\":[{\"@type\":\"ReadAction\",\"target\":[\"https:\/\/www.icps.it\/it\/competenze\/\"]}]},{\"@type\":\"BreadcrumbList\",\"@id\":\"https:\/\/www.icps.it\/it\/competenze\/#breadcrumb\",\"itemListElement\":[{\"@type\":\"ListItem\",\"position\":1,\"name\":\"Home\",\"item\":\"https:\/\/www.icps.it\/it\/\"},{\"@type\":\"ListItem\",\"position\":2,\"name\":\"Competenze\"}]}]}<\/script>\n<!-- \/ Yoast SEO plugin. -->","yoast_head_json":{"title":"Competenze | ICPS","robots":{"index":"index","follow":"follow","max-snippet":"max-snippet:-1","max-image-preview":"max-image-preview:large","max-video-preview":"max-video-preview:-1"},"canonical":"https:\/\/www.icps.it\/it\/competenze\/","og_locale":"it_IT","og_type":"article","og_title":"Competenze | ICPS","og_description":"...  Leggi tutto &raquo;","og_url":"https:\/\/www.icps.it\/it\/competenze\/","og_site_name":"ICPS","article_modified_time":"2021-03-30T10:26:47+00:00","og_image":[{"url":"http:\/\/www.icps.it\/wp-content\/uploads\/2021\/03\/rischio-fitosanitario.png"}],"twitter_card":"summary_large_image","twitter_misc":{"Tempo di lettura stimato":"7 minuti"},"schema":{"@context":"https:\/\/schema.org","@graph":[{"@type":"WebSite","@id":"https:\/\/www.icps.it\/it\/#website","url":"https:\/\/www.icps.it\/it\/","name":"ICPS","description":"Centro Internazionale per gli Antiparassitari e la Prevenzione Sanitaria","potentialAction":[{"@type":"SearchAction","target":{"@type":"EntryPoint","urlTemplate":"https:\/\/www.icps.it\/it\/?s={search_term_string}"},"query-input":"required name=search_term_string"}],"inLanguage":"it-IT"},{"@type":"ImageObject","@id":"https:\/\/www.icps.it\/it\/competenze\/#primaryimage","inLanguage":"it-IT","url":"https:\/\/www.icps.it\/wp-content\/uploads\/2021\/03\/rischio-fitosanitario.png","contentUrl":"https:\/\/www.icps.it\/wp-content\/uploads\/2021\/03\/rischio-fitosanitario.png","width":140,"height":144},{"@type":"WebPage","@id":"https:\/\/www.icps.it\/it\/competenze\/#webpage","url":"https:\/\/www.icps.it\/it\/competenze\/","name":"[:it]Competenze[:en]Skills[:] | ICPS","isPartOf":{"@id":"https:\/\/www.icps.it\/it\/#website"},"primaryImageOfPage":{"@id":"https:\/\/www.icps.it\/it\/competenze\/#primaryimage"},"datePublished":"2021-03-15T08:44:00+00:00","dateModified":"2021-03-30T10:26:47+00:00","breadcrumb":{"@id":"https:\/\/www.icps.it\/it\/competenze\/#breadcrumb"},"inLanguage":"it-IT","potentialAction":[{"@type":"ReadAction","target":["https:\/\/www.icps.it\/it\/competenze\/"]}]},{"@type":"BreadcrumbList","@id":"https:\/\/www.icps.it\/it\/competenze\/#breadcrumb","itemListElement":[{"@type":"ListItem","position":1,"name":"Home","item":"https:\/\/www.icps.it\/it\/"},{"@type":"ListItem","position":2,"name":"Competenze"}]}]}},"acf":[],"_links":{"self":[{"href":"https:\/\/www.icps.it\/it\/wp-json\/wp\/v2\/pages\/11"}],"collection":[{"href":"https:\/\/www.icps.it\/it\/wp-json\/wp\/v2\/pages"}],"about":[{"href":"https:\/\/www.icps.it\/it\/wp-json\/wp\/v2\/types\/page"}],"author":[{"embeddable":true,"href":"https:\/\/www.icps.it\/it\/wp-json\/wp\/v2\/users\/1"}],"replies":[{"embeddable":true,"href":"https:\/\/www.icps.it\/it\/wp-json\/wp\/v2\/comments?post=11"}],"version-history":[{"count":9,"href":"https:\/\/www.icps.it\/it\/wp-json\/wp\/v2\/pages\/11\/revisions"}],"predecessor-version":[{"id":497,"href":"https:\/\/www.icps.it\/it\/wp-json\/wp\/v2\/pages\/11\/revisions\/497"}],"wp:attachment":[{"href":"https:\/\/www.icps.it\/it\/wp-json\/wp\/v2\/media?parent=11"}],"curies":[{"name":"wp","href":"https:\/\/api.w.org\/{rel}","templated":true}]}}